{"id":25,"date":"2024-10-26T11:57:11","date_gmt":"2024-10-26T11:57:11","guid":{"rendered":"https:\/\/flo-nik.pl\/?page_id=25"},"modified":"2025-09-06T12:05:11","modified_gmt":"2025-09-06T12:05:11","slug":"o-nas","status":"publish","type":"page","link":"https:\/\/flo-nik.pl\/index.php\/o-nas\/","title":{"rendered":"o nas"},"content":{"rendered":"\n<h3 class=\"wp-block-heading\">FLO-NIK <\/h3>\n\n\n\n<figure class=\"wp-block-image size-full\"><img loading=\"lazy\" decoding=\"async\" width=\"2048\" height=\"1536\" src=\"https:\/\/flo-nik.pl\/wp-content\/uploads\/2025\/02\/warsztat-na-strone.jpg\" alt=\"\" class=\"wp-image-259\" style=\"aspect-ratio:16\/9;object-fit:cover\" srcset=\"https:\/\/flo-nik.pl\/wp-content\/uploads\/2025\/02\/warsztat-na-strone.jpg 2048w, https:\/\/flo-nik.pl\/wp-content\/uploads\/2025\/02\/warsztat-na-strone-300x225.jpg 300w, https:\/\/flo-nik.pl\/wp-content\/uploads\/2025\/02\/warsztat-na-strone-1024x768.jpg 1024w, https:\/\/flo-nik.pl\/wp-content\/uploads\/2025\/02\/warsztat-na-strone-768x576.jpg 768w, https:\/\/flo-nik.pl\/wp-content\/uploads\/2025\/02\/warsztat-na-strone-1536x1152.jpg 1536w\" sizes=\"auto, (max-width: 2048px) 100vw, 2048px\" \/><\/figure>\n\n\n\n<p class=\"has-text-align-center has-ti-bg-alt-background-color has-background\" style=\"font-size:clamp(14.642px, 0.915rem + ((1vw - 3.2px) * 0.897), 22px);\">Firma FLO-NIK posiada wieloletnie do\u015bwiadczenie w obr\u00f3bce skrawaniem. Realizujemy produkcje cz\u0119\u015bci jednostkowy i ma\u0142oseryjnych. Posiadamy w\u0142asny park maszynowy, kt\u00f3ry ci\u0105gle rozwijamy inwestuj\u0105c w nowe maszyny. Oferujemy obr\u00f3bk\u0119 na maszynach CNC oraz na maszynach konwencjonalnych. Mamy w\u0142asny magazyn pr\u0119t\u00f3w, p\u0142askownik\u00f3w i blach. Wsp\u00f3\u0142pracujemy z malarni\u0105 proszkow\u0105 i cynkowni\u0105. Mo\u017cemy zapewni\u0107 kompleksowe wykonanie cz\u0119\u015bci r\u00f3wnie\u017c z malowaniem, cynkowaniem lub anodowaniem. Obszar naszych us\u0142ug: Pozna\u0144, Leszno, \u015amigiel, \u015arem oraz ca\u0142a Polska wysy\u0142kowo. <\/p>\n\n\n\n<h3 class=\"wp-block-heading\">Park maszynowy<\/h3>\n\n\n\n<div class=\"wp-block-media-text is-stacked-on-mobile has-ti-bg-alt-background-color has-background\" style=\"margin-right:0;margin-left:0;padding-top:0;padding-right:0;padding-bottom:0;padding-left:0;font-size:clamp(14px, 0.875rem + ((1vw - 3.2px) * 0.732), 20px);grid-template-columns:40% auto\"><figure class=\"wp-block-media-text__media\"><img loading=\"lazy\" decoding=\"async\" width=\"768\" height=\"1024\" src=\"https:\/\/flo-nik.pl\/wp-content\/uploads\/2024\/10\/IMG_20240705_192519-768x1024.jpg\" alt=\"\" class=\"wp-image-166 size-full\" srcset=\"https:\/\/flo-nik.pl\/wp-content\/uploads\/2024\/10\/IMG_20240705_192519-768x1024.jpg 768w, https:\/\/flo-nik.pl\/wp-content\/uploads\/2024\/10\/IMG_20240705_192519-225x300.jpg 225w, https:\/\/flo-nik.pl\/wp-content\/uploads\/2024\/10\/IMG_20240705_192519-1152x1536.jpg 1152w, https:\/\/flo-nik.pl\/wp-content\/uploads\/2024\/10\/IMG_20240705_192519-1536x2048.jpg 1536w, https:\/\/flo-nik.pl\/wp-content\/uploads\/2024\/10\/IMG_20240705_192519-scaled.jpg 1920w\" sizes=\"auto, (max-width: 768px) 100vw, 768px\" \/><\/figure><div class=\"wp-block-media-text__content\">\n<ul class=\"wp-block-list\">\n<li>Tokarka CNC: HURCO TMX8MYS<\/li>\n\n\n\n<li>Frezarka CNC: HURCO VMX40<\/li>\n\n\n\n<li>Frezarka CNC: HURCO BMC30\/M<\/li>\n\n\n\n<li>Elektrodr\u0105\u017carka drutowa EDM<\/li>\n\n\n\n<li>Tokarka konwencjonalna z linia\u0142em pomiarowym<\/li>\n\n\n\n<li>Frezarka pionowa konwencjonalna z linia\u0142em pomiarowym<\/li>\n\n\n\n<li>Spawarka TIG<\/li>\n\n\n\n<li>Spawarka MIG\/MAG<\/li>\n\n\n\n<li>Pi\u0142a ta\u015bmowa<\/li>\n<\/ul>\n<\/div><\/div>\n\n\n\n<figure class=\"wp-block-gallery has-nested-images columns-default is-cropped wp-block-gallery-1 is-layout-flex wp-block-gallery-is-layout-flex\">\n<figure class=\"wp-block-image size-large\"><img loading=\"lazy\" decoding=\"async\" width=\"576\" height=\"1024\" data-id=\"283\" src=\"https:\/\/flo-nik.pl\/wp-content\/uploads\/2025\/09\/WhatsApp-Image-2025-09-04-at-17.40.55-576x1024.jpeg\" alt=\"\" class=\"wp-image-283\" srcset=\"https:\/\/flo-nik.pl\/wp-content\/uploads\/2025\/09\/WhatsApp-Image-2025-09-04-at-17.40.55-576x1024.jpeg 576w, https:\/\/flo-nik.pl\/wp-content\/uploads\/2025\/09\/WhatsApp-Image-2025-09-04-at-17.40.55-169x300.jpeg 169w, https:\/\/flo-nik.pl\/wp-content\/uploads\/2025\/09\/WhatsApp-Image-2025-09-04-at-17.40.55-768x1366.jpeg 768w, https:\/\/flo-nik.pl\/wp-content\/uploads\/2025\/09\/WhatsApp-Image-2025-09-04-at-17.40.55-864x1536.jpeg 864w, https:\/\/flo-nik.pl\/wp-content\/uploads\/2025\/09\/WhatsApp-Image-2025-09-04-at-17.40.55.jpeg 899w\" sizes=\"auto, (max-width: 576px) 100vw, 576px\" \/><\/figure>\n\n\n\n<figure class=\"wp-block-image size-large\"><img loading=\"lazy\" decoding=\"async\" width=\"768\" height=\"1024\" data-id=\"284\" src=\"https:\/\/flo-nik.pl\/wp-content\/uploads\/2025\/09\/WhatsApp-Image-2025-09-04-at-18.23.00-5-1-768x1024.jpeg\" alt=\"\" class=\"wp-image-284\" srcset=\"https:\/\/flo-nik.pl\/wp-content\/uploads\/2025\/09\/WhatsApp-Image-2025-09-04-at-18.23.00-5-1-768x1024.jpeg 768w, https:\/\/flo-nik.pl\/wp-content\/uploads\/2025\/09\/WhatsApp-Image-2025-09-04-at-18.23.00-5-1-225x300.jpeg 225w, https:\/\/flo-nik.pl\/wp-content\/uploads\/2025\/09\/WhatsApp-Image-2025-09-04-at-18.23.00-5-1-1152x1536.jpeg 1152w, https:\/\/flo-nik.pl\/wp-content\/uploads\/2025\/09\/WhatsApp-Image-2025-09-04-at-18.23.00-5-1.jpeg 1200w\" sizes=\"auto, (max-width: 768px) 100vw, 768px\" \/><\/figure>\n<\/figure>\n\n\n\n<div class=\"wp-block-buttons is-content-justification-center is-layout-flex wp-container-core-buttons-is-layout-a89b3969 wp-block-buttons-is-layout-flex\">\n<div class=\"wp-block-button\"><a class=\"wp-block-button__link has-ti-fg-color has-text-color has-link-color has-small-font-size has-custom-font-size wp-element-button\" href=\"https:\/\/flo-nik.pl\/\">strona g\u0142\u00f3wna<\/a><\/div>\n<\/div>\n","protected":false},"excerpt":{"rendered":"<p>FLO-NIK Firma FLO-NIK posiada wieloletnie do\u015bwiadczenie w obr\u00f3bce skrawaniem. Realizujemy produkcje cz\u0119\u015bci jednostkowy i ma\u0142oseryjnych. Posiadamy w\u0142asny park maszynowy, kt\u00f3ry ci\u0105gle rozwijamy inwestuj\u0105c w nowe maszyny. Oferujemy obr\u00f3bk\u0119 na maszynach CNC oraz na maszynach konwencjonalnych. Mamy w\u0142asny magazyn pr\u0119t\u00f3w, p\u0142askownik\u00f3w i blach. Wsp\u00f3\u0142pracujemy z malarni\u0105 proszkow\u0105 i cynkowni\u0105. Mo\u017cemy zapewni\u0107 kompleksowe wykonanie cz\u0119\u015bci r\u00f3wnie\u017c z [&hellip;]<\/p>\n","protected":false},"author":1,"featured_media":0,"parent":0,"menu_order":0,"comment_status":"closed","ping_status":"closed","template":"","meta":{"footnotes":""},"class_list":["post-25","page","type-page","status-publish","hentry"],"_links":{"self":[{"href":"https:\/\/flo-nik.pl\/index.php\/wp-json\/wp\/v2\/pages\/25","targetHints":{"allow":["GET"]}}],"collection":[{"href":"https:\/\/flo-nik.pl\/index.php\/wp-json\/wp\/v2\/pages"}],"about":[{"href":"https:\/\/flo-nik.pl\/index.php\/wp-json\/wp\/v2\/types\/page"}],"author":[{"embeddable":true,"href":"https:\/\/flo-nik.pl\/index.php\/wp-json\/wp\/v2\/users\/1"}],"replies":[{"embeddable":true,"href":"https:\/\/flo-nik.pl\/index.php\/wp-json\/wp\/v2\/comments?post=25"}],"version-history":[{"count":27,"href":"https:\/\/flo-nik.pl\/index.php\/wp-json\/wp\/v2\/pages\/25\/revisions"}],"predecessor-version":[{"id":285,"href":"https:\/\/flo-nik.pl\/index.php\/wp-json\/wp\/v2\/pages\/25\/revisions\/285"}],"wp:attachment":[{"href":"https:\/\/flo-nik.pl\/index.php\/wp-json\/wp\/v2\/media?parent=25"}],"curies":[{"name":"wp","href":"https:\/\/api.w.org\/{rel}","templated":true}]}}